{"id":259,"date":"2023-04-04T12:19:27","date_gmt":"2023-04-04T12:19:27","guid":{"rendered":"https:\/\/maisondelaparole.alwaysdata.net\/?page_id=259"},"modified":"2023-04-19T15:08:00","modified_gmt":"2023-04-19T15:08:00","slug":"histoire-des-ursulines-a-beaugency","status":"publish","type":"page","link":"https:\/\/maisondelaparole.alwaysdata.net\/index.php\/merici\/histoire-des-ursulines-a-beaugency\/","title":{"rendered":"HISTOIRE DES URSULINES A BEAUGENCY"},"content":{"rendered":"\n<p class=\"has-text-align-left\" style=\"font-size:22px\"><strong>LES URSULINES A BEAUGENCY <\/strong>&#8230;<\/p>\n\n\n\n<p>D\u00e8s <strong>1629<\/strong>, Les Echevins de Beaugency demandent aux Ursulines d\u2019Orl\u00e9ans d\u2019<strong>envoyer des s\u0153urs pour faire la classe \u00ab&nbsp;aux petites filles de la ville et des villages voisins&nbsp;<\/strong>\u00bb gratuitement, leur offrant<strong> la Guenonni\u00e8r<\/strong>e (emplacement de l\u2019Ecole actuelle). <\/p>\n\n\n\n<p>Le d\u00e9but de la construction du couvent des Ursulines fut impuls\u00e9 par <strong>Anne Tardif<\/strong>, Ursuline Balgencienne, en <strong>1647<\/strong>.<\/p>\n\n\n\n<p>En <strong>1668<\/strong>, elles accueillent <strong>250 \u00e9l\u00e8ves<\/strong>, pour les \u00ab&nbsp;cours du dimanche&nbsp;\u00bb pour les jeunes filles et les femmes.<\/p>\n\n\n\n<div class=\"wp-block-media-text alignwide is-stacked-on-mobile is-vertically-aligned-center has-background\" style=\"background-color:#fffdea\"><figure class=\"wp-block-media-text__media\"><img loading=\"lazy\" decoding=\"async\" width=\"818\" height=\"296\" src=\"https:\/\/maisondelaparole.alwaysdata.net\/wp-content\/uploads\/2023\/04\/histoire-2.jpg\" alt=\"\" class=\"wp-image-324 size-full\" srcset=\"https:\/\/maisondelaparole.alwaysdata.net\/wp-content\/uploads\/2023\/04\/histoire-2.jpg 818w, https:\/\/maisondelaparole.alwaysdata.net\/wp-content\/uploads\/2023\/04\/histoire-2-600x217.jpg 600w, https:\/\/maisondelaparole.alwaysdata.net\/wp-content\/uploads\/2023\/04\/histoire-2-300x109.jpg 300w, https:\/\/maisondelaparole.alwaysdata.net\/wp-content\/uploads\/2023\/04\/histoire-2-768x278.jpg 768w, https:\/\/maisondelaparole.alwaysdata.net\/wp-content\/uploads\/2023\/04\/histoire-2-496x179.jpg 496w\" sizes=\"auto, (max-width: 818px) 100vw, 818px\" \/><\/figure><div class=\"wp-block-media-text__content\">\n<div class=\"wp-block-group\" style=\"padding-top:2em;padding-right:2em;padding-bottom:2em;padding-left:2em\"><div class=\"wp-block-group__inner-container is-layout-flow wp-block-group-is-layout-flow\">\n<p><strong>Jusqu\u2019en 1792<\/strong>, c&rsquo;est l&rsquo;unique \u00e9cole de filles pour la ville<em>.<\/em> Apr\u00e8s la suppression des communaut\u00e9s religieuses les b\u00e2timents sont <strong>vendus comme \u00ab&nbsp;Biens Nationaux&nbsp;\u00bb<\/strong>. A la place nous retrouvons des magasins \u00e0 fourrage, et des familles s\u2019y installent. Les <strong>s\u0153urs retournent dans leur famille<\/strong>.<\/p>\n\n\n\n<p>En <strong>1795<\/strong>, lors de la r\u00e9volution il y a le <strong>passage de soldats Ecossais<\/strong> et de <strong>300 prisonniers de Grande Bretagne<\/strong>.<\/p>\n\n\n\n<p>En <strong>1803<\/strong>, les s\u0153urs rach\u00e8tent leur monast\u00e8re petit \u00e0 petit, ainsi l&rsquo;\u00e9cole est de nouveau ouverte.<\/p>\n\n\n\n<p><\/p>\n<\/div><\/div>\n<\/div><\/div>\n\n\n\n<p>D\u00e8s<strong> 1859<\/strong>, ils d\u00e9butent la construction du grand b\u00e2timent du Pensionnat de jeunes femmes et s&rsquo;\u00e9tend jusqu&rsquo;en<strong> 1877<\/strong>. Les jeunes femmes y viennent de Pologne, de Russie, d\u2019Autriche Hongrie, d\u2019Italie pour y apprendre le fran\u00e7ais. Le dimanche apr\u00e8s-midi, elles accueillent des ouvri\u00e8res et des employ\u00e9es pour un enseignement pratique ainsi que des cours de secr\u00e9tariat<\/p>\n\n\n\n<p>De <strong>septembre 1870 \u00e0 mai 1871<\/strong>, le couvent re\u00e7oit les soldats bless\u00e9s Fran\u00e7ais et Prussiens. Il sont soign\u00e9s \u00e0 l\u2019abri des sous-sols. Certaines s\u0153urs les nourrissent, d\u2019autres continuent les classes.<\/p>\n\n\n\n<p>En <strong>1904<\/strong>, des lois suppriment les Ecoles tenues par les Congr\u00e9gations Religieuses. Alors, le 1<sup>er<\/sup> octobre, cinq s\u0153urs acceptent de quitter leur habit religieux pour <strong>ouvrir le \u00ab&nbsp;Pensionnat Notre Dame&nbsp;\u00bb<\/strong>.<\/p>\n\n\n\n<p>Durant la premi\u00e8re guerre mondiale, de <strong>1914 \u00e0 1917<\/strong>&nbsp;: Les b\u00e2timents sont transform\u00e9s <strong>en h\u00f4pital militaire<\/strong>.<\/p>\n\n\n\n<div class=\"wp-block-media-text alignwide is-stacked-on-mobile is-vertically-aligned-center has-background\" style=\"background-color:#fffdea\"><figure class=\"wp-block-media-text__media\"><img loading=\"lazy\" decoding=\"async\" width=\"1024\" height=\"732\" src=\"https:\/\/maisondelaparole.alwaysdata.net\/wp-content\/uploads\/2023\/04\/histoire-5-1024x732.png\" alt=\"\" class=\"wp-image-317 size-full\" srcset=\"https:\/\/maisondelaparole.alwaysdata.net\/wp-content\/uploads\/2023\/04\/histoire-5-1024x732.png 1024w, https:\/\/maisondelaparole.alwaysdata.net\/wp-content\/uploads\/2023\/04\/histoire-5-600x429.png 600w, https:\/\/maisondelaparole.alwaysdata.net\/wp-content\/uploads\/2023\/04\/histoire-5-300x214.png 300w, https:\/\/maisondelaparole.alwaysdata.net\/wp-content\/uploads\/2023\/04\/histoire-5-768x549.png 768w, https:\/\/maisondelaparole.alwaysdata.net\/wp-content\/uploads\/2023\/04\/histoire-5-1536x1098.png 1536w, https:\/\/maisondelaparole.alwaysdata.net\/wp-content\/uploads\/2023\/04\/histoire-5-420x300.png 420w, https:\/\/maisondelaparole.alwaysdata.net\/wp-content\/uploads\/2023\/04\/histoire-5.png 1752w\" sizes=\"auto, (max-width: 1024px) 100vw, 1024px\" \/><\/figure><div class=\"wp-block-media-text__content\">\n<div class=\"wp-block-group\" style=\"padding-top:2em;padding-right:2em;padding-bottom:2em;padding-left:2em\"><div class=\"wp-block-group__inner-container is-layout-flow wp-block-group-is-layout-flow\">\n<p>En <strong>1920<\/strong>, la communaut\u00e9 et de retour. Une nouvelle organisation voit le jour. Elles cr\u00e9aient <strong>un noviciat international<\/strong> et elles participent \u00e0 <strong>la vie de la Paroisse<\/strong>.<\/p>\n\n\n\n<p>D\u00e8s <strong>1939 et jusqu&rsquo;\u00e0 1944<\/strong>, durant la seconde guerre mondiale, les s\u0153urs soignent et ravitaillent des personnes d\u00e9plac\u00e9es, des prisonniers. <\/p>\n\n\n\n<p>D\u00e8s <strong>1940<\/strong>, le Pensionnat devient <strong>Hospice et Maternit\u00e9<\/strong>. L\u2019\u00e9cole continue dans les locaux r\u00e9duits. Une cave abrite, les Tapisseries de l\u2019H\u00f4tel de Ville, une autre sert \u00e0 la vie Paroissiale. <\/p>\n\n\n\n<p><\/p>\n<\/div><\/div>\n<\/div><\/div>\n\n\n\n<p> <\/p>\n\n\n\n<p>En <strong>2023<\/strong>,  neufs s\u0153urs dont la principale activit\u00e9 est au service de la formation chr\u00e9tienne, l\u2019accueil de groupes qui choisissent le cadre et le calme des b\u00e2timents. \u00a0<\/p>\n\n\n\n<p>Depuis pr\u00e8s de 4 si\u00e8cles les Ursulines contribuent \u00e0 l\u2019\u00e9ducation des enfants, depuis l\u2019an 2000 \u00e0 la formation des adultes, des jeunes et des enfants par \u00a0la \u00ab\u00a0Maison de la Parole\u00a0\u00bb, en lien avec notre ville et notre paroisse.<\/p>\n","protected":false},"excerpt":{"rendered":"<p>LES URSULINES A BEAUGENCY &#8230; D\u00e8s 1629, Les Echevins de Beaugency demandent aux Ursulines d\u2019Orl\u00e9ans d\u2019envoyer des s\u0153urs pour faire la classe \u00ab&nbsp;aux petites filles &hellip;<\/p>\n","protected":false},"author":1,"featured_media":0,"parent":43,"menu_order":5,"comment_status":"closed","ping_status":"closed","template":"","meta":{"footnotes":""},"class_list":["post-259","page","type-page","status-publish","hentry"],"_links":{"self":[{"href":"https:\/\/maisondelaparole.alwaysdata.net\/index.php\/wp-json\/wp\/v2\/pages\/259","targetHints":{"allow":["GET"]}}],"collection":[{"href":"https:\/\/maisondelaparole.alwaysdata.net\/index.php\/wp-json\/wp\/v2\/pages"}],"about":[{"href":"https:\/\/maisondelaparole.alwaysdata.net\/index.php\/wp-json\/wp\/v2\/types\/page"}],"author":[{"embeddable":true,"href":"https:\/\/maisondelaparole.alwaysdata.net\/index.php\/wp-json\/wp\/v2\/users\/1"}],"replies":[{"embeddable":true,"href":"https:\/\/maisondelaparole.alwaysdata.net\/index.php\/wp-json\/wp\/v2\/comments?post=259"}],"version-history":[{"count":10,"href":"https:\/\/maisondelaparole.alwaysdata.net\/index.php\/wp-json\/wp\/v2\/pages\/259\/revisions"}],"predecessor-version":[{"id":481,"href":"https:\/\/maisondelaparole.alwaysdata.net\/index.php\/wp-json\/wp\/v2\/pages\/259\/revisions\/481"}],"up":[{"embeddable":true,"href":"https:\/\/maisondelaparole.alwaysdata.net\/index.php\/wp-json\/wp\/v2\/pages\/43"}],"wp:attachment":[{"href":"https:\/\/maisondelaparole.alwaysdata.net\/index.php\/wp-json\/wp\/v2\/media?parent=259"}],"curies":[{"name":"wp","href":"https:\/\/api.w.org\/{rel}","templated":true}]}}