{"id":33,"date":"2023-03-12T22:05:10","date_gmt":"2023-03-12T22:05:10","guid":{"rendered":"https:\/\/maisondelaparole.alwaysdata.net\/?page_id=33"},"modified":"2023-04-21T07:39:32","modified_gmt":"2023-04-21T07:39:32","slug":"presentation","status":"publish","type":"page","link":"https:\/\/maisondelaparole.alwaysdata.net\/index.php\/la-maison\/presentation\/","title":{"rendered":"BESOIN DE &#8230;"},"content":{"rendered":"\n<figure class=\"wp-block-gallery has-nested-images columns-default is-cropped wp-block-gallery-1 is-layout-flex wp-block-gallery-is-layout-flex\">\n<figure class=\"wp-block-image size-full\"><img loading=\"lazy\" decoding=\"async\" width=\"823\" height=\"407\" data-id=\"468\" src=\"https:\/\/maisondelaparole.alwaysdata.net\/wp-content\/uploads\/2023\/04\/Capture-decran-2023-04-19-155757.jpg\" alt=\"\" class=\"wp-image-468\" srcset=\"https:\/\/maisondelaparole.alwaysdata.net\/wp-content\/uploads\/2023\/04\/Capture-decran-2023-04-19-155757.jpg 823w, https:\/\/maisondelaparole.alwaysdata.net\/wp-content\/uploads\/2023\/04\/Capture-decran-2023-04-19-155757-300x148.jpg 300w, https:\/\/maisondelaparole.alwaysdata.net\/wp-content\/uploads\/2023\/04\/Capture-decran-2023-04-19-155757-768x380.jpg 768w, https:\/\/maisondelaparole.alwaysdata.net\/wp-content\/uploads\/2023\/04\/Capture-decran-2023-04-19-155757-496x245.jpg 496w\" sizes=\"auto, (max-width: 823px) 100vw, 823px\" \/><\/figure>\n<\/figure>\n\n\n\n<div class=\"wp-block-columns is-layout-flex wp-container-core-columns-is-layout-9d6595d7 wp-block-columns-is-layout-flex\">\n<div class=\"wp-block-column is-layout-flow wp-block-column-is-layout-flow\">\n<div class=\"wp-block-group alignwide\"><div class=\"wp-block-group__inner-container is-layout-constrained wp-block-group-is-layout-constrained\">\n<p><\/p>\n\n\n\n<p><\/p>\n\n\n\n<p class=\"has-large-font-size\">La Maison de la Parole est un lieu o\u00f9 vit une communaut\u00e9 de s\u0153urs ursulines. <br>La\u00efcs et s\u0153urs accueillent des personnes : en groupe ou individuellement<\/p>\n\n\n\n<p class=\"has-large-font-size\">chambres<\/p>\n\n\n\n<p class=\"has-large-font-size\">salle \u00e0 manger <\/p>\n\n\n\n<p class=\"has-large-font-size\">grand jardin avec vue sur la Loire <\/p>\n\n\n\n<p class=\"has-large-font-size\">chapelle et oratoire<\/p>\n\n\n\n<p class=\"has-large-font-size\">salles de r\u00e9union<\/p>\n\n\n\n<p class=\"has-large-font-size\">Possibilit\u00e9 d&rsquo;accompagnement personnel, de pri\u00e8re avec les s\u0153urs,&#8230;<\/p>\n\n\n\n<p class=\"has-large-font-size\">L&rsquo;engagement d&rsquo;une \u00e9quipe de b\u00e9n\u00e9voles est toujours pr\u00e9sente \u00e9galement pour nous aider.<\/p>\n\n\n\n<p class=\"has-large-font-size\"><\/p>\n<\/div><\/div>\n\n\n\n<p><\/p>\n<\/div>\n<\/div>\n\n\n\n<figure class=\"wp-block-gallery has-nested-images columns-default is-cropped wp-block-gallery-2 is-layout-flex wp-block-gallery-is-layout-flex\">\n<figure class=\"wp-block-image size-large\"><img loading=\"lazy\" decoding=\"async\" width=\"1024\" height=\"768\" data-id=\"369\" src=\"https:\/\/maisondelaparole.alwaysdata.net\/wp-content\/uploads\/2023\/04\/20230314_084039-1024x768.jpg\" alt=\"\" class=\"wp-image-369\" srcset=\"https:\/\/maisondelaparole.alwaysdata.net\/wp-content\/uploads\/2023\/04\/20230314_084039-1024x768.jpg 1024w, https:\/\/maisondelaparole.alwaysdata.net\/wp-content\/uploads\/2023\/04\/20230314_084039-300x225.jpg 300w, https:\/\/maisondelaparole.alwaysdata.net\/wp-content\/uploads\/2023\/04\/20230314_084039-768x576.jpg 768w, https:\/\/maisondelaparole.alwaysdata.net\/wp-content\/uploads\/2023\/04\/20230314_084039-1536x1152.jpg 1536w, https:\/\/maisondelaparole.alwaysdata.net\/wp-content\/uploads\/2023\/04\/20230314_084039-2048x1536.jpg 2048w, https:\/\/maisondelaparole.alwaysdata.net\/wp-content\/uploads\/2023\/04\/20230314_084039-400x300.jpg 400w, https:\/\/maisondelaparole.alwaysdata.net\/wp-content\/uploads\/2023\/04\/20230314_084039-600x450.jpg 600w\" sizes=\"auto, (max-width: 1024px) 100vw, 1024px\" \/><\/figure>\n\n\n\n<figure class=\"wp-block-image size-large\"><img loading=\"lazy\" decoding=\"async\" width=\"1024\" height=\"768\" data-id=\"375\" src=\"https:\/\/maisondelaparole.alwaysdata.net\/wp-content\/uploads\/2023\/04\/20230314_084109-1024x768.jpg\" alt=\"\" class=\"wp-image-375\" srcset=\"https:\/\/maisondelaparole.alwaysdata.net\/wp-content\/uploads\/2023\/04\/20230314_084109-1024x768.jpg 1024w, https:\/\/maisondelaparole.alwaysdata.net\/wp-content\/uploads\/2023\/04\/20230314_084109-300x225.jpg 300w, https:\/\/maisondelaparole.alwaysdata.net\/wp-content\/uploads\/2023\/04\/20230314_084109-768x576.jpg 768w, https:\/\/maisondelaparole.alwaysdata.net\/wp-content\/uploads\/2023\/04\/20230314_084109-1536x1152.jpg 1536w, https:\/\/maisondelaparole.alwaysdata.net\/wp-content\/uploads\/2023\/04\/20230314_084109-2048x1536.jpg 2048w, https:\/\/maisondelaparole.alwaysdata.net\/wp-content\/uploads\/2023\/04\/20230314_084109-400x300.jpg 400w, https:\/\/maisondelaparole.alwaysdata.net\/wp-content\/uploads\/2023\/04\/20230314_084109-600x450.jpg 600w\" sizes=\"auto, (max-width: 1024px) 100vw, 1024px\" \/><\/figure>\n\n\n\n<figure class=\"wp-block-image size-large\"><img loading=\"lazy\" decoding=\"async\" width=\"1024\" height=\"768\" data-id=\"406\" src=\"https:\/\/maisondelaparole.alwaysdata.net\/wp-content\/uploads\/2023\/04\/20230315_101412-1024x768.jpg\" alt=\"\" class=\"wp-image-406\" srcset=\"https:\/\/maisondelaparole.alwaysdata.net\/wp-content\/uploads\/2023\/04\/20230315_101412-1024x768.jpg 1024w, https:\/\/maisondelaparole.alwaysdata.net\/wp-content\/uploads\/2023\/04\/20230315_101412-300x225.jpg 300w, https:\/\/maisondelaparole.alwaysdata.net\/wp-content\/uploads\/2023\/04\/20230315_101412-768x576.jpg 768w, https:\/\/maisondelaparole.alwaysdata.net\/wp-content\/uploads\/2023\/04\/20230315_101412-1536x1152.jpg 1536w, https:\/\/maisondelaparole.alwaysdata.net\/wp-content\/uploads\/2023\/04\/20230315_101412-2048x1536.jpg 2048w, https:\/\/maisondelaparole.alwaysdata.net\/wp-content\/uploads\/2023\/04\/20230315_101412-400x300.jpg 400w, https:\/\/maisondelaparole.alwaysdata.net\/wp-content\/uploads\/2023\/04\/20230315_101412-600x450.jpg 600w\" sizes=\"auto, (max-width: 1024px) 100vw, 1024px\" \/><\/figure>\n\n\n\n<figure class=\"wp-block-image size-large\"><img loading=\"lazy\" decoding=\"async\" width=\"1024\" height=\"768\" data-id=\"374\" src=\"https:\/\/maisondelaparole.alwaysdata.net\/wp-content\/uploads\/2023\/04\/20230315_101500-1024x768.jpg\" alt=\"\" class=\"wp-image-374\" srcset=\"https:\/\/maisondelaparole.alwaysdata.net\/wp-content\/uploads\/2023\/04\/20230315_101500-1024x768.jpg 1024w, https:\/\/maisondelaparole.alwaysdata.net\/wp-content\/uploads\/2023\/04\/20230315_101500-300x225.jpg 300w, https:\/\/maisondelaparole.alwaysdata.net\/wp-content\/uploads\/2023\/04\/20230315_101500-768x576.jpg 768w, https:\/\/maisondelaparole.alwaysdata.net\/wp-content\/uploads\/2023\/04\/20230315_101500-1536x1152.jpg 1536w, https:\/\/maisondelaparole.alwaysdata.net\/wp-content\/uploads\/2023\/04\/20230315_101500-2048x1536.jpg 2048w, https:\/\/maisondelaparole.alwaysdata.net\/wp-content\/uploads\/2023\/04\/20230315_101500-400x300.jpg 400w, https:\/\/maisondelaparole.alwaysdata.net\/wp-content\/uploads\/2023\/04\/20230315_101500-600x450.jpg 600w\" sizes=\"auto, (max-width: 1024px) 100vw, 1024px\" \/><\/figure>\n\n\n\n<figure class=\"wp-block-image size-large\"><img loading=\"lazy\" decoding=\"async\" width=\"768\" height=\"1024\" data-id=\"373\" src=\"https:\/\/maisondelaparole.alwaysdata.net\/wp-content\/uploads\/2023\/04\/20230315_101722-768x1024.jpg\" alt=\"\" class=\"wp-image-373\" srcset=\"https:\/\/maisondelaparole.alwaysdata.net\/wp-content\/uploads\/2023\/04\/20230315_101722-768x1024.jpg 768w, https:\/\/maisondelaparole.alwaysdata.net\/wp-content\/uploads\/2023\/04\/20230315_101722-225x300.jpg 225w, https:\/\/maisondelaparole.alwaysdata.net\/wp-content\/uploads\/2023\/04\/20230315_101722-1152x1536.jpg 1152w, https:\/\/maisondelaparole.alwaysdata.net\/wp-content\/uploads\/2023\/04\/20230315_101722-1536x2048.jpg 1536w, https:\/\/maisondelaparole.alwaysdata.net\/wp-content\/uploads\/2023\/04\/20230315_101722-600x800.jpg 600w, https:\/\/maisondelaparole.alwaysdata.net\/wp-content\/uploads\/2023\/04\/20230315_101722-scaled.jpg 1920w\" sizes=\"auto, (max-width: 768px) 100vw, 768px\" \/><\/figure>\n\n\n\n<figure class=\"wp-block-image size-large\"><img loading=\"lazy\" decoding=\"async\" width=\"1024\" height=\"768\" data-id=\"376\" src=\"https:\/\/maisondelaparole.alwaysdata.net\/wp-content\/uploads\/2023\/04\/20230315_101803-1024x768.jpg\" alt=\"\" class=\"wp-image-376\" srcset=\"https:\/\/maisondelaparole.alwaysdata.net\/wp-content\/uploads\/2023\/04\/20230315_101803-1024x768.jpg 1024w, https:\/\/maisondelaparole.alwaysdata.net\/wp-content\/uploads\/2023\/04\/20230315_101803-300x225.jpg 300w, https:\/\/maisondelaparole.alwaysdata.net\/wp-content\/uploads\/2023\/04\/20230315_101803-768x576.jpg 768w, https:\/\/maisondelaparole.alwaysdata.net\/wp-content\/uploads\/2023\/04\/20230315_101803-1536x1152.jpg 1536w, https:\/\/maisondelaparole.alwaysdata.net\/wp-content\/uploads\/2023\/04\/20230315_101803-2048x1536.jpg 2048w, https:\/\/maisondelaparole.alwaysdata.net\/wp-content\/uploads\/2023\/04\/20230315_101803-400x300.jpg 400w, https:\/\/maisondelaparole.alwaysdata.net\/wp-content\/uploads\/2023\/04\/20230315_101803-600x450.jpg 600w\" sizes=\"auto, (max-width: 1024px) 100vw, 1024px\" \/><\/figure>\n\n\n\n<figure class=\"wp-block-image size-large\"><img loading=\"lazy\" decoding=\"async\" width=\"1024\" height=\"768\" data-id=\"370\" src=\"https:\/\/maisondelaparole.alwaysdata.net\/wp-content\/uploads\/2023\/04\/20230315_104157-1024x768.jpg\" alt=\"\" class=\"wp-image-370\" srcset=\"https:\/\/maisondelaparole.alwaysdata.net\/wp-content\/uploads\/2023\/04\/20230315_104157-1024x768.jpg 1024w, https:\/\/maisondelaparole.alwaysdata.net\/wp-content\/uploads\/2023\/04\/20230315_104157-300x225.jpg 300w, https:\/\/maisondelaparole.alwaysdata.net\/wp-content\/uploads\/2023\/04\/20230315_104157-768x576.jpg 768w, https:\/\/maisondelaparole.alwaysdata.net\/wp-content\/uploads\/2023\/04\/20230315_104157-1536x1152.jpg 1536w, https:\/\/maisondelaparole.alwaysdata.net\/wp-content\/uploads\/2023\/04\/20230315_104157-2048x1536.jpg 2048w, https:\/\/maisondelaparole.alwaysdata.net\/wp-content\/uploads\/2023\/04\/20230315_104157-400x300.jpg 400w, https:\/\/maisondelaparole.alwaysdata.net\/wp-content\/uploads\/2023\/04\/20230315_104157-600x450.jpg 600w\" sizes=\"auto, (max-width: 1024px) 100vw, 1024px\" \/><\/figure>\n\n\n\n<figure class=\"wp-block-image size-large\"><img loading=\"lazy\" decoding=\"async\" width=\"1024\" height=\"768\" data-id=\"371\" src=\"https:\/\/maisondelaparole.alwaysdata.net\/wp-content\/uploads\/2023\/04\/20230315_104219-1024x768.jpg\" alt=\"\" class=\"wp-image-371\" srcset=\"https:\/\/maisondelaparole.alwaysdata.net\/wp-content\/uploads\/2023\/04\/20230315_104219-1024x768.jpg 1024w, https:\/\/maisondelaparole.alwaysdata.net\/wp-content\/uploads\/2023\/04\/20230315_104219-300x225.jpg 300w, https:\/\/maisondelaparole.alwaysdata.net\/wp-content\/uploads\/2023\/04\/20230315_104219-768x576.jpg 768w, https:\/\/maisondelaparole.alwaysdata.net\/wp-content\/uploads\/2023\/04\/20230315_104219-1536x1152.jpg 1536w, https:\/\/maisondelaparole.alwaysdata.net\/wp-content\/uploads\/2023\/04\/20230315_104219-2048x1536.jpg 2048w, https:\/\/maisondelaparole.alwaysdata.net\/wp-content\/uploads\/2023\/04\/20230315_104219-400x300.jpg 400w, https:\/\/maisondelaparole.alwaysdata.net\/wp-content\/uploads\/2023\/04\/20230315_104219-600x450.jpg 600w\" sizes=\"auto, (max-width: 1024px) 100vw, 1024px\" \/><\/figure>\n\n\n\n<figure class=\"wp-block-image size-large\"><img loading=\"lazy\" decoding=\"async\" width=\"1024\" height=\"768\" data-id=\"372\" src=\"https:\/\/maisondelaparole.alwaysdata.net\/wp-content\/uploads\/2023\/04\/20230315_105113-1024x768.jpg\" alt=\"\" class=\"wp-image-372\" srcset=\"https:\/\/maisondelaparole.alwaysdata.net\/wp-content\/uploads\/2023\/04\/20230315_105113-1024x768.jpg 1024w, https:\/\/maisondelaparole.alwaysdata.net\/wp-content\/uploads\/2023\/04\/20230315_105113-300x225.jpg 300w, https:\/\/maisondelaparole.alwaysdata.net\/wp-content\/uploads\/2023\/04\/20230315_105113-768x576.jpg 768w, https:\/\/maisondelaparole.alwaysdata.net\/wp-content\/uploads\/2023\/04\/20230315_105113-1536x1152.jpg 1536w, https:\/\/maisondelaparole.alwaysdata.net\/wp-content\/uploads\/2023\/04\/20230315_105113-2048x1536.jpg 2048w, https:\/\/maisondelaparole.alwaysdata.net\/wp-content\/uploads\/2023\/04\/20230315_105113-400x300.jpg 400w, https:\/\/maisondelaparole.alwaysdata.net\/wp-content\/uploads\/2023\/04\/20230315_105113-600x450.jpg 600w\" sizes=\"auto, (max-width: 1024px) 100vw, 1024px\" \/><\/figure>\n<\/figure>\n","protected":false},"excerpt":{"rendered":"<p>La Maison de la Parole est un lieu o\u00f9 vit une communaut\u00e9 de s\u0153urs ursulines. La\u00efcs et s\u0153urs accueillent des personnes : en groupe ou &hellip;<\/p>\n","protected":false},"author":1,"featured_media":0,"parent":29,"menu_order":1,"comment_status":"closed","ping_status":"closed","template":"","meta":{"footnotes":""},"class_list":["post-33","page","type-page","status-publish","hentry"],"_links":{"self":[{"href":"https:\/\/maisondelaparole.alwaysdata.net\/index.php\/wp-json\/wp\/v2\/pages\/33","targetHints":{"allow":["GET"]}}],"collection":[{"href":"https:\/\/maisondelaparole.alwaysdata.net\/index.php\/wp-json\/wp\/v2\/pages"}],"about":[{"href":"https:\/\/maisondelaparole.alwaysdata.net\/index.php\/wp-json\/wp\/v2\/types\/page"}],"author":[{"embeddable":true,"href":"https:\/\/maisondelaparole.alwaysdata.net\/index.php\/wp-json\/wp\/v2\/users\/1"}],"replies":[{"embeddable":true,"href":"https:\/\/maisondelaparole.alwaysdata.net\/index.php\/wp-json\/wp\/v2\/comments?post=33"}],"version-history":[{"count":27,"href":"https:\/\/maisondelaparole.alwaysdata.net\/index.php\/wp-json\/wp\/v2\/pages\/33\/revisions"}],"predecessor-version":[{"id":490,"href":"https:\/\/maisondelaparole.alwaysdata.net\/index.php\/wp-json\/wp\/v2\/pages\/33\/revisions\/490"}],"up":[{"embeddable":true,"href":"https:\/\/maisondelaparole.alwaysdata.net\/index.php\/wp-json\/wp\/v2\/pages\/29"}],"wp:attachment":[{"href":"https:\/\/maisondelaparole.alwaysdata.net\/index.php\/wp-json\/wp\/v2\/media?parent=33"}],"curies":[{"name":"wp","href":"https:\/\/api.w.org\/{rel}","templated":true}]}}