{"id":49,"date":"2023-03-12T22:09:10","date_gmt":"2023-03-12T22:09:10","guid":{"rendered":"https:\/\/maisondelaparole.alwaysdata.net\/?page_id=49"},"modified":"2026-04-22T09:38:24","modified_gmt":"2026-04-22T09:38:24","slug":"communaute-des-ursulines","status":"publish","type":"page","link":"https:\/\/maisondelaparole.alwaysdata.net\/index.php\/merici\/communaute-des-ursulines\/","title":{"rendered":"COMMUNAUTE DES URSULINES"},"content":{"rendered":"\n<p>Les Ursulines continuent la mission dont Sainte Ang\u00e8le Merici, leur fondatrice, a ouvert la voie.<\/p>\n\n\n\n<p>Elles ont \u00e0 c\u0153ur de vivre sa spiritualit\u00e9 d\u2019accueil et d\u2019accompagner les personnes, en particulier les jeunes, dans leur cheminement humain et spirituel.<\/p>\n\n\n\n<h2 class=\"wp-block-heading has-large-font-size\"><strong>Une communaut\u00e9 \u00e0 Beaugency<\/strong><\/h2>\n\n\n\n<div class=\"wp-block-columns is-layout-flex wp-container-core-columns-is-layout-9d6595d7 wp-block-columns-is-layout-flex\">\n<div class=\"wp-block-column is-layout-flow wp-block-column-is-layout-flow\" style=\"flex-basis:33.33%\">\n<p><\/p>\n\n\n\n<p><\/p>\n\n\n\n<p><\/p>\n\n\n\n<p><\/p>\n\n\n\n<p>Neuf s\u0153urs dont la principale activit\u00e9 est au service de la formation chr\u00e9tienne, l\u2019accueil de groupes qui choisissent le cadre et le calme des b\u00e2timents.&nbsp;Depuis pr\u00e8s de 4 si\u00e8cles les Ursulines contribuent \u00e0 l\u2019\u00e9ducation des enfants et depuis l\u2019an 2000 \u00e0 la formation des adultes par la \u00ab&nbsp;Maison de la Parole&nbsp;\u00bb, en lien avec la ville et la paroisse.<\/p>\n<\/div>\n\n\n\n<div class=\"wp-block-column is-layout-flow wp-block-column-is-layout-flow\" style=\"flex-basis:66.66%\">\n<figure class=\"wp-block-image size-large\"><img loading=\"lazy\" decoding=\"async\" width=\"1024\" height=\"768\" src=\"https:\/\/maisondelaparole.alwaysdata.net\/wp-content\/uploads\/2026\/04\/IMG-20260417-WA0019-1024x768.jpg\" alt=\"\" class=\"wp-image-805\" srcset=\"https:\/\/maisondelaparole.alwaysdata.net\/wp-content\/uploads\/2026\/04\/IMG-20260417-WA0019-1024x768.jpg 1024w, https:\/\/maisondelaparole.alwaysdata.net\/wp-content\/uploads\/2026\/04\/IMG-20260417-WA0019-300x225.jpg 300w, https:\/\/maisondelaparole.alwaysdata.net\/wp-content\/uploads\/2026\/04\/IMG-20260417-WA0019-768x576.jpg 768w, https:\/\/maisondelaparole.alwaysdata.net\/wp-content\/uploads\/2026\/04\/IMG-20260417-WA0019-1536x1152.jpg 1536w, https:\/\/maisondelaparole.alwaysdata.net\/wp-content\/uploads\/2026\/04\/IMG-20260417-WA0019-400x300.jpg 400w, https:\/\/maisondelaparole.alwaysdata.net\/wp-content\/uploads\/2026\/04\/IMG-20260417-WA0019.jpg 2040w\" sizes=\"auto, (max-width: 1024px) 100vw, 1024px\" \/><\/figure>\n<\/div>\n<\/div>\n\n\n\n<h2 class=\"wp-block-heading has-large-font-size\"><strong>Une communaut\u00e9 internationale<\/strong><\/h2>\n\n\n\n<ul class=\"wp-block-list\">\n<li>5 continents<\/li>\n\n\n\n<li>38 pays<\/li>\n\n\n\n<li>235 communaut\u00e9s<\/li>\n\n\n\n<li>1980 religieuses<\/li>\n<\/ul>\n\n\n\n<p>Pour en savoir plus :<\/p>\n\n\n\n<ul class=\"wp-block-list\">\n<li><a href=\"http:\/\/ursulines.union.romaine.catholique.fr\/\" target=\"_blank\" rel=\"noreferrer noopener\">http:\/\/ursulines.union.romaine.catholique.fr<\/a><\/li>\n\n\n\n<li><a href=\"http:\/\/www.ursulines-ur.org\/\" target=\"_blank\" rel=\"noreferrer noopener\">http:\/\/www.ursulines-ur.org\/<\/a><\/li>\n<\/ul>\n","protected":false},"excerpt":{"rendered":"<p>Les Ursulines continuent la mission dont Sainte Ang\u00e8le Merici, leur fondatrice, a ouvert la voie. Elles ont \u00e0 c\u0153ur de vivre sa spiritualit\u00e9 d\u2019accueil et &hellip;<\/p>\n","protected":false},"author":1,"featured_media":0,"parent":43,"menu_order":4,"comment_status":"closed","ping_status":"closed","template":"","meta":{"footnotes":""},"class_list":["post-49","page","type-page","status-publish","hentry"],"_links":{"self":[{"href":"https:\/\/maisondelaparole.alwaysdata.net\/index.php\/wp-json\/wp\/v2\/pages\/49","targetHints":{"allow":["GET"]}}],"collection":[{"href":"https:\/\/maisondelaparole.alwaysdata.net\/index.php\/wp-json\/wp\/v2\/pages"}],"about":[{"href":"https:\/\/maisondelaparole.alwaysdata.net\/index.php\/wp-json\/wp\/v2\/types\/page"}],"author":[{"embeddable":true,"href":"https:\/\/maisondelaparole.alwaysdata.net\/index.php\/wp-json\/wp\/v2\/users\/1"}],"replies":[{"embeddable":true,"href":"https:\/\/maisondelaparole.alwaysdata.net\/index.php\/wp-json\/wp\/v2\/comments?post=49"}],"version-history":[{"count":11,"href":"https:\/\/maisondelaparole.alwaysdata.net\/index.php\/wp-json\/wp\/v2\/pages\/49\/revisions"}],"predecessor-version":[{"id":806,"href":"https:\/\/maisondelaparole.alwaysdata.net\/index.php\/wp-json\/wp\/v2\/pages\/49\/revisions\/806"}],"up":[{"embeddable":true,"href":"https:\/\/maisondelaparole.alwaysdata.net\/index.php\/wp-json\/wp\/v2\/pages\/43"}],"wp:attachment":[{"href":"https:\/\/maisondelaparole.alwaysdata.net\/index.php\/wp-json\/wp\/v2\/media?parent=49"}],"curies":[{"name":"wp","href":"https:\/\/api.w.org\/{rel}","templated":true}]}}