{"id":585,"date":"2023-10-03T12:44:28","date_gmt":"2023-10-03T12:44:28","guid":{"rendered":"https:\/\/maisondelaparole.alwaysdata.net\/?page_id=585"},"modified":"2025-07-28T14:24:16","modified_gmt":"2025-07-28T14:24:16","slug":"programme-pastoral","status":"publish","type":"page","link":"https:\/\/maisondelaparole.alwaysdata.net\/index.php\/programme-pastoral\/","title":{"rendered":"PROGRAMME PASTORAL"},"content":{"rendered":"\n<p>Le programme pastoral 2025 &#8211; 2026 est t\u00e9l\u00e9chargeable sur le lien suivant :<\/p>\n\n\n\n<div class=\"wp-block-file\"><a id=\"wp-block-file--media-20367cd0-8b3e-43cf-8fc8-daabbb5b810d\" href=\"https:\/\/maisondelaparole.alwaysdata.net\/wp-content\/uploads\/2025\/07\/Programme-pastoral-2025-2026.pdf\">Programme pastoral 2025-2026<\/a><a href=\"https:\/\/maisondelaparole.alwaysdata.net\/wp-content\/uploads\/2025\/07\/Programme-pastoral-2025-2026.pdf\" class=\"wp-block-file__button wp-element-button\" download aria-describedby=\"wp-block-file--media-20367cd0-8b3e-43cf-8fc8-daabbb5b810d\">T\u00e9l\u00e9charger<\/a><\/div>\n\n\n\n<p>N&rsquo;h\u00e9sitez pas \u00e0 nous contacter pour tout renseignement compl\u00e9mentaire.<\/p>\n\n\n\n<p><\/p>\n\n\n\n<p><\/p>\n\n\n\n<p><\/p>\n\n\n\n<p><\/p>\n\n\n\n<p><\/p>\n","protected":false},"excerpt":{"rendered":"<p>Le programme pastoral 2025 &#8211; 2026 est t\u00e9l\u00e9chargeable sur le lien suivant : N&rsquo;h\u00e9sitez pas \u00e0 nous contacter pour tout renseignement compl\u00e9mentaire.<\/p>\n","protected":false},"author":1,"featured_media":0,"parent":0,"menu_order":-3,"comment_status":"closed","ping_status":"closed","template":"","meta":{"footnotes":""},"class_list":["post-585","page","type-page","status-publish","hentry"],"_links":{"self":[{"href":"https:\/\/maisondelaparole.alwaysdata.net\/index.php\/wp-json\/wp\/v2\/pages\/585","targetHints":{"allow":["GET"]}}],"collection":[{"href":"https:\/\/maisondelaparole.alwaysdata.net\/index.php\/wp-json\/wp\/v2\/pages"}],"about":[{"href":"https:\/\/maisondelaparole.alwaysdata.net\/index.php\/wp-json\/wp\/v2\/types\/page"}],"author":[{"embeddable":true,"href":"https:\/\/maisondelaparole.alwaysdata.net\/index.php\/wp-json\/wp\/v2\/users\/1"}],"replies":[{"embeddable":true,"href":"https:\/\/maisondelaparole.alwaysdata.net\/index.php\/wp-json\/wp\/v2\/comments?post=585"}],"version-history":[{"count":7,"href":"https:\/\/maisondelaparole.alwaysdata.net\/index.php\/wp-json\/wp\/v2\/pages\/585\/revisions"}],"predecessor-version":[{"id":751,"href":"https:\/\/maisondelaparole.alwaysdata.net\/index.php\/wp-json\/wp\/v2\/pages\/585\/revisions\/751"}],"wp:attachment":[{"href":"https:\/\/maisondelaparole.alwaysdata.net\/index.php\/wp-json\/wp\/v2\/media?parent=585"}],"curies":[{"name":"wp","href":"https:\/\/api.w.org\/{rel}","templated":true}]}}